{"id":760,"date":"2021-07-01T12:35:50","date_gmt":"2021-07-01T10:35:50","guid":{"rendered":"https:\/\/racerebels.fi\/?page_id=760"},"modified":"2021-12-03T00:26:34","modified_gmt":"2021-12-02T22:26:34","slug":"academy","status":"publish","type":"page","link":"https:\/\/racerebels.fi\/en\/academy\/","title":{"rendered":"ACADEMY"},"content":{"rendered":"<p>[et_pb_section fb_built=&#8221;1&#8243; disabled_on=&#8221;off|off|off&#8221; admin_label=&#8221;Header Section&#8221; _builder_version=&#8221;4.14.2&#8243; background_color=&#8221;#000000&#8243; use_background_color_gradient=&#8221;on&#8221; background_color_gradient_start=&#8221;rgba(0,0,0,0.68)&#8221; background_color_gradient_end=&#8221;rgba(0,0,0,0.57)&#8221; background_color_gradient_start_position=&#8221;61%&#8221; background_color_gradient_overlays_image=&#8221;on&#8221; background_image=&#8221;https:\/\/racerebels.fi\/wp-content\/uploads\/2020\/05\/L1020515.jpg&#8221; background_position=&#8221;top_center&#8221; background_enable_video_mp4=&#8221;off&#8221; width=&#8221;100%&#8221; min_height=&#8221;400px&#8221; custom_margin=&#8221;||-18px||false|false&#8221; custom_padding=&#8221;2px|0px|1px||false|false&#8221; bottom_divider_color=&#8221;rgba(5,41,66,0.3)&#8221; bottom_divider_height=&#8221;11vw&#8221; animation_style=&#8221;slide&#8221; animation_direction=&#8221;top&#8221; animation_duration=&#8221;1500ms&#8221; animation_intensity_slide=&#8221;5%&#8221; hover_transition_speed_curve=&#8221;ease-in-out&#8221; hover_enabled=&#8221;0&#8243; module_alignment_tablet=&#8221;&#8221; module_alignment_phone=&#8221;&#8221; module_alignment_last_edited=&#8221;on|phone&#8221; border_color_all=&#8221;#edf000&#8243; border_width_top=&#8221;2px&#8221; global_colors_info=&#8221;{}&#8221; sticky_enabled=&#8221;0&#8243;][et_pb_row _builder_version=&#8221;4.14.2&#8243; _module_preset=&#8221;default&#8221; min_height=&#8221;1000px&#8221; custom_margin=&#8221;|auto|0px|auto||&#8221; animation_style=&#8221;slide&#8221; global_colors_info=&#8221;{}&#8221;][et_pb_column type=&#8221;4_4&#8243; _builder_version=&#8221;4.9.7&#8243; _module_preset=&#8221;default&#8221; global_colors_info=&#8221;{}&#8221;][et_pb_text _builder_version=&#8221;4.14.2&#8243; _module_preset=&#8221;default&#8221; custom_margin=&#8221;||27px|||&#8221; global_colors_info=&#8221;{}&#8221;]<\/p>\n<h1 style=\"text-align: center;\"><\/h1>\n<h1 style=\"text-align: center;\"><\/h1>\n<h1 style=\"text-align: center;\"><\/h1>\n<h1 style=\"text-align: center;\"><\/h1>\n<h1 style=\"text-align: center;\"><span style=\"color: #ffffff;\"><\/span><\/h1>\n<h1 style=\"text-align: center;\"><span style=\"color: #ffffff; font-size: xx-large;\">Race Rebels Academy<\/span><br \/><span style=\"color: #ffffff;\"><\/span><\/h1>\n<h1 style=\"text-align: center;\"><span style=\"color: #ffffff;\"><\/span><\/h1>\n<h2 style=\"text-align: center;\"><span style=\"color: #ffffff;\">- Rally school for beginners -<\/span><\/h2>\n<p style=\"text-align: center;\"><span style=\"color: #ffffff;\"><b><\/b><\/span><\/p>\n<p style=\"text-align: left;\"><span style=\"color: #ffffff;\"><b><\/b><\/span><\/p>\n<p style=\"text-align: left;\"><span style=\"color: #ffffff;\"><\/span><\/p>\n<p style=\"text-align: left;\"><span style=\"color: #ffffff;\"><b>A relaxed learning day for small groups and individuals (3-5 persons\/day) in the world of rallying.<span class=\"Apple-converted-space\">\u00a0<\/span><\/b><\/span><\/p>\n<p style=\"text-align: left;\"><span style=\"color: #ffffff;\"><b>Under the guidance of a professional hands-on experience and by accumulating kilometres behind the wheel of two different rally cars, you will learn rally driving techniques,<\/b><\/span><span style=\"color: #ffffff;\"><b> and learn useful tricks for daily driving. As well as a unique experience, you'll also learn skills that will help you in any dangerous situations on the road.<\/b><\/span><\/p>\n<p style=\"text-align: left;\"><span style=\"color: #ffffff;\"><b><\/b><\/span><\/p>\n<p style=\"text-align: left;\"><span style=\"color: #ffffff;\"><b>R<\/b><strong>ace Rebels Academy day program:<\/strong><\/span><\/p>\n<p style=\"text-align: left;\"><span style=\"color: #ffffff;\">9.00: Arrival at the JoSeMoRa racetrack.<\/span><\/p>\n<ul style=\"text-align: left;\">\n<li><span style=\"color: #ffffff;\">Morning coffee, initial briefing, safety instructions and introduction to the equipment.<\/span><\/li>\n<\/ul>\n<p style=\"text-align: left;\"><span style=\"color: #ffffff;\">10:00: The race starts with a BMW Compact racing car on a safe racing track.<\/span><\/p>\n<ul style=\"text-align: left;\">\n<li><span style=\"color: #ffffff;\">You will also be introduced to the afternoon's special stage.<\/span><\/li>\n<\/ul>\n<p style=\"text-align: left;\"><span style=\"color: #ffffff;\">12:00: Lunch at the track area pavilion<\/span><\/p>\n<p style=\"text-align: left;\"><span style=\"color: #ffffff;\">13:00: Driving a forest special test with a BMW 325i Xtreme racing car, changing the driver.<\/span><\/p>\n<ul style=\"text-align: left;\">\n<li><span style=\"color: #ffffff;\">Possibility to continue driving with a BMW Compact car.<\/span><\/li>\n<\/ul>\n<p style=\"text-align: left;\"><span style=\"color: #ffffff;\">15:00: Rally ride by a professional<\/span><\/p>\n<p style=\"text-align: left;\"><span style=\"color: #ffffff;\">15.30: Summary of the day and closing of the event<\/span><\/p>\n<p><span style=\"color: #ffffff;\"><\/span><\/p>\n<p><strong><span style=\"color: #ffffff;\">Price: 690\u20ac\/person incl. VAT 10%<\/span><\/strong><\/p>\n<p><span style=\"color: #ffffff;\"><\/span><\/p>\n<p><span style=\"color: #ffffff;\"><\/span><\/p>\n<p><span style=\"color: #ffffff;\"><\/span><\/p>\n<p style=\"text-align: center;\"><span style=\"color: #ffffff;\">Information and registration: Jaakko Lavio +358407435788 \/ info@racerebels.fi<span class=\"Apple-converted-space\">\u00a0<\/span><\/span><\/p>\n<p>[\/et_pb_text][\/et_pb_column][\/et_pb_row][\/et_pb_section][et_pb_section fb_built=&#8221;1&#8243; admin_label=&#8221;Services Section&#8221; _builder_version=&#8221;4.14.2&#8243; background_color=&#8221;#f2f6f9&#8243; background_color_gradient_start=&#8221;#3c85c1&#8243; background_color_gradient_end=&#8221;#ffffff&#8221; min_height=&#8221;968px&#8221; custom_margin=&#8221;-9px|||||&#8221; custom_padding=&#8221;6px|0px|150px|0px||&#8221; global_colors_info=&#8221;{}&#8221;][et_pb_row _builder_version=&#8221;4.4.4&#8243; custom_margin=&#8221;75px|auto||auto||&#8221; custom_padding=&#8221;0px|||||&#8221; global_colors_info=&#8221;{}&#8221;][et_pb_column type=&#8221;4_4&#8243; _builder_version=&#8221;4.4.4&#8243; global_colors_info=&#8221;{}&#8221;][et_pb_text _builder_version=&#8221;4.4.7&#8243; global_colors_info=&#8221;{}&#8221;]<\/p>\n<h2>Track location<span style=\"font-size: 14px; color: #666666;\">\u00a0<\/span><\/h2>\n<p><span style=\"font-size: 14px; color: #666666;\"><\/span><\/p>\n<h4>Joutsan Ratakeskus ( JoSeMoRa)<\/h4>\n<h4>R\u00f6ks\u00e4ntie 169, 19650 Joutsa<\/h4>\n<p><span style=\"color: #333333; font-size: 18px;\"><\/span><\/p>\n<p><span style=\"color: #333333; font-size: 18px;\">Distances to:<\/span><span style=\"font-size: 14px;\">\u00a0<\/span><span style=\"font-size: 14px;\">\u00a0<\/span><span style=\"font-size: 14px;\">\u00a0<\/span><\/p>\n<p><span style=\"font-size: 14px;\"><\/span><\/p>\n<ul>\n<li>\n<h4>Helsinki 204 km<\/h4>\n<\/li>\n<li>\n<h4>Tampere 173 km<\/h4>\n<\/li>\n<li>\n<h4>Lahti 103 km<\/h4>\n<\/li>\n<li>\n<h4>Jyv\u00e4skyl\u00e4 68 km<span style=\"font-size: 14px; color: #666666;\">\u00a0<\/span><\/h4>\n<p><span style=\"font-size: 14px; color: #666666;\"><\/span><\/p>\n<\/li>\n<\/ul>\n<p><span style=\"font-size: 14px; color: #666666;\"><\/span><\/p>\n<ul>\n<li>\n<h4>3,2 km track, a real forest special test, with a lot of differences of altitude.<span style=\"font-size: 14px; color: #666666;\">\u00a0<\/span><span style=\"font-size: 14px; color: #666666;\">\u00a0<\/span><span style=\"font-size: 14px; color: #666666;\">\u00a0<\/span><\/h4>\n<\/li>\n<li>\n<h4>Large asphalt field for driving practice, toilet and electricity is available.<span style=\"font-size: 14px; color: #666666;\">\u00a0<\/span><span style=\"font-size: 14px; color: #666666;\">\u00a0<\/span><\/h4>\n<\/li>\n<li>\n<h4>It is also possible to hold the event in the dark, with extra lights and bonfire. (winter\/autumn)<span style=\"font-size: 14px; color: #666666;\">\u00a0<\/span><\/h4>\n<\/li>\n<\/ul>\n<p>[\/et_pb_text][\/et_pb_column][\/et_pb_row][et_pb_row _builder_version=&#8221;4.4.7&#8243; global_colors_info=&#8221;{}&#8221;][et_pb_column type=&#8221;4_4&#8243; _builder_version=&#8221;4.4.7&#8243; global_colors_info=&#8221;{}&#8221;][et_pb_social_media_follow _builder_version=&#8221;4.14.2&#8243; text_orientation=&#8221;center&#8221; custom_margin=&#8221;||11px|||&#8221; global_module=&#8221;321&#8243; global_colors_info=&#8221;{}&#8221;][et_pb_social_media_follow_network social_network=&#8221;facebook&#8221; url=&#8221;https:\/\/www.facebook.com\/racerebels\/&#8221; _builder_version=&#8221;4.14.2&#8243; background_color=&#8221;#3b5998&#8243; global_colors_info=&#8221;{}&#8221; follow_button=&#8221;off&#8221; url_new_window=&#8221;on&#8221;]facebook[\/et_pb_social_media_follow_network][et_pb_social_media_follow_network social_network=&#8221;instagram&#8221; url=&#8221;https:\/\/www.instagram.com\/racerebelsoy\/?hl=fi&#8221; _builder_version=&#8221;4.4.7&#8243; background_color=&#8221;#ea2c59&#8243; global_colors_info=&#8221;{}&#8221; follow_button=&#8221;off&#8221; url_new_window=&#8221;on&#8221;]instagram[\/et_pb_social_media_follow_network][\/et_pb_social_media_follow][\/et_pb_column][\/et_pb_row][et_pb_row _builder_version=&#8221;4.4.4&#8243; global_colors_info=&#8221;{}&#8221;][et_pb_column type=&#8221;4_4&#8243; _builder_version=&#8221;4.4.4&#8243; global_colors_info=&#8221;{}&#8221;][et_pb_gallery gallery_ids=&#8221;431,487,490,510,511,579,776,777,778,779,782,783,784,785&#8243; posts_number=&#8221;16&#8243; show_title_and_caption=&#8221;off&#8221; show_pagination=&#8221;off&#8221; _builder_version=&#8221;4.5.1&#8243; custom_margin=&#8221;||||false|false&#8221; child_filter_brightness=&#8221;104%&#8221; animation_style=&#8221;zoom&#8221; box_shadow_style_image=&#8221;preset1&#8243; box_shadow_vertical_image=&#8221;5px&#8221; box_shadow_blur_image=&#8221;10px&#8221; box_shadow_spread_image=&#8221;2px&#8221; global_colors_info=&#8221;{}&#8221;][\/et_pb_gallery][\/et_pb_column][\/et_pb_row][\/et_pb_section]<\/p>","protected":false},"excerpt":{"rendered":"<p>Race Rebels Academy &#8211; Rallikoulu vasta-alkajille &#8211; Pienryhmille ja yksitt\u00e4isasiakkaille (3-5 hl\u00f6\/pv\u00e4) tarkoitettu rentotunnelmainen oppimisp\u00e4iv\u00e4 rallin maailmaan.\u00a0 Ammattilaisen opastamana, itse kokemalla ja kahden eri ralliauton ratin takana kilometrej\u00e4 kerrytt\u00e4m\u00e4ll\u00e4 opit ralliautoiluun liittyvi\u00e4 ajotekniikoita ja ammennat p\u00e4ivitt\u00e4iseen autoiluun hy\u00f6dyllisi\u00e4 niksej\u00e4. Ainutlaatuisen kokemuksen lis\u00e4ksi opit my\u00f6s taitoja, joista voit hy\u00f6ty\u00e4 mahdollisissa vaaratilanteissa maantiell\u00e4. Race Rebels Academy p\u00e4iv\u00e4ohjelma: [&hellip;]<\/p>","protected":false},"author":1,"featured_media":0,"parent":0,"menu_order":0,"comment_status":"closed","ping_status":"closed","template":"","meta":{"_et_pb_use_builder":"on","_et_pb_old_content":"","_et_gb_content_width":""},"yoast_head":"<!-- This site is optimized with the Yoast SEO plugin v18.6 - https:\/\/yoast.com\/wordpress\/plugins\/seo\/ -->\n<title>ACADEMY | Race Rebels Oy<\/title>\n<meta name=\"description\" content=\"Rallikoulu vasta-alkajille | Ralliautolla ajoa itse ammattilaisen opastamana ajotekniikoiden saloihin\" \/>\n<meta name=\"robots\" content=\"index, follow, max-snippet:-1, max-image-preview:large, max-video-preview:-1\" \/>\n<link rel=\"canonical\" href=\"https:\/\/racerebels.fi\/en\/academy\/\" \/>\n<meta property=\"og:locale\" content=\"en_US\" \/>\n<meta property=\"og:type\" content=\"article\" \/>\n<meta property=\"og:title\" content=\"ACADEMY | Race Rebels Oy\" \/>\n<meta property=\"og:description\" content=\"Rallikoulu vasta-alkajille | Ralliautolla ajoa itse ammattilaisen opastamana ajotekniikoiden saloihin\" \/>\n<meta property=\"og:url\" content=\"https:\/\/racerebels.fi\/en\/academy\/\" \/>\n<meta property=\"og:site_name\" content=\"Race Rebels Oy\" \/>\n<meta property=\"article:publisher\" content=\"https:\/\/www.facebook.com\/racerebels\/\" \/>\n<meta property=\"article:modified_time\" content=\"2021-12-02T22:26:34+00:00\" \/>\n<meta name=\"twitter:card\" content=\"summary_large_image\" \/>\n<meta name=\"twitter:label1\" content=\"Est. reading time\" \/>\n\t<meta name=\"twitter:data1\" content=\"3 minutes\" \/>\n<script type=\"application\/ld+json\" class=\"yoast-schema-graph\">{\"@context\":\"https:\/\/schema.org\",\"@graph\":[{\"@type\":\"Organization\",\"@id\":\"https:\/\/racerebels.fi\/#organization\",\"name\":\"Race Rebels Oy\",\"url\":\"https:\/\/racerebels.fi\/\",\"sameAs\":[\"https:\/\/www.facebook.com\/racerebels\/\",\"https:\/\/www.instagram.com\/racerebelsoy\/?hl=fi\"],\"logo\":{\"@type\":\"ImageObject\",\"@id\":\"https:\/\/racerebels.fi\/#logo\",\"inLanguage\":\"en-US\",\"url\":\"https:\/\/racerebels.fi\/wp-content\/uploads\/2021\/11\/racerebels_black_PNG.png\",\"contentUrl\":\"https:\/\/racerebels.fi\/wp-content\/uploads\/2021\/11\/racerebels_black_PNG.png\",\"width\":751,\"height\":838,\"caption\":\"Race Rebels Oy\"},\"image\":{\"@id\":\"https:\/\/racerebels.fi\/#logo\"}},{\"@type\":\"WebSite\",\"@id\":\"https:\/\/racerebels.fi\/#website\",\"url\":\"https:\/\/racerebels.fi\/\",\"name\":\"Race Rebels Oy\",\"description\":\"Unohtumatonta rallikyydityst&auml; ja itse-ajoa\",\"publisher\":{\"@id\":\"https:\/\/racerebels.fi\/#organization\"},\"potentialAction\":[{\"@type\":\"SearchAction\",\"target\":{\"@type\":\"EntryPoint\",\"urlTemplate\":\"https:\/\/racerebels.fi\/?s={search_term_string}\"},\"query-input\":\"required name=search_term_string\"}],\"inLanguage\":\"en-US\"},{\"@type\":\"WebPage\",\"@id\":\"https:\/\/racerebels.fi\/academy\/#webpage\",\"url\":\"https:\/\/racerebels.fi\/academy\/\",\"name\":\"ACADEMY | Race Rebels Oy\",\"isPartOf\":{\"@id\":\"https:\/\/racerebels.fi\/#website\"},\"datePublished\":\"2021-07-01T10:35:50+00:00\",\"dateModified\":\"2021-12-02T22:26:34+00:00\",\"description\":\"Rallikoulu vasta-alkajille | Ralliautolla ajoa itse ammattilaisen opastamana ajotekniikoiden saloihin\",\"breadcrumb\":{\"@id\":\"https:\/\/racerebels.fi\/academy\/#breadcrumb\"},\"inLanguage\":\"en-US\",\"potentialAction\":[{\"@type\":\"ReadAction\",\"target\":[\"https:\/\/racerebels.fi\/academy\/\"]}]},{\"@type\":\"BreadcrumbList\",\"@id\":\"https:\/\/racerebels.fi\/academy\/#breadcrumb\",\"itemListElement\":[{\"@type\":\"ListItem\",\"position\":1,\"name\":\"Home\",\"item\":\"https:\/\/racerebels.fi\/\"},{\"@type\":\"ListItem\",\"position\":2,\"name\":\"ACADEMY\"}]}]}<\/script>\n<!-- \/ Yoast SEO plugin. -->","yoast_head_json":{"title":"ACADEMY | Race Rebels Oy","description":"Rallikoulu vasta-alkajille | Ralliautolla ajoa itse ammattilaisen opastamana ajotekniikoiden saloihin","robots":{"index":"index","follow":"follow","max-snippet":"max-snippet:-1","max-image-preview":"max-image-preview:large","max-video-preview":"max-video-preview:-1"},"canonical":"https:\/\/racerebels.fi\/en\/academy\/","og_locale":"en_US","og_type":"article","og_title":"ACADEMY | Race Rebels Oy","og_description":"Rallikoulu vasta-alkajille | Ralliautolla ajoa itse ammattilaisen opastamana ajotekniikoiden saloihin","og_url":"https:\/\/racerebels.fi\/en\/academy\/","og_site_name":"Race Rebels Oy","article_publisher":"https:\/\/www.facebook.com\/racerebels\/","article_modified_time":"2021-12-02T22:26:34+00:00","twitter_card":"summary_large_image","twitter_misc":{"Est. reading time":"3 minutes"},"schema":{"@context":"https:\/\/schema.org","@graph":[{"@type":"Organization","@id":"https:\/\/racerebels.fi\/#organization","name":"Race Rebels Oy","url":"https:\/\/racerebels.fi\/","sameAs":["https:\/\/www.facebook.com\/racerebels\/","https:\/\/www.instagram.com\/racerebelsoy\/?hl=fi"],"logo":{"@type":"ImageObject","@id":"https:\/\/racerebels.fi\/#logo","inLanguage":"en-US","url":"https:\/\/racerebels.fi\/wp-content\/uploads\/2021\/11\/racerebels_black_PNG.png","contentUrl":"https:\/\/racerebels.fi\/wp-content\/uploads\/2021\/11\/racerebels_black_PNG.png","width":751,"height":838,"caption":"Race Rebels Oy"},"image":{"@id":"https:\/\/racerebels.fi\/#logo"}},{"@type":"WebSite","@id":"https:\/\/racerebels.fi\/#website","url":"https:\/\/racerebels.fi\/","name":"Race Rebels Oy","description":"Unohtumatonta rallikyydityst&auml; ja itse-ajoa","publisher":{"@id":"https:\/\/racerebels.fi\/#organization"},"potentialAction":[{"@type":"SearchAction","target":{"@type":"EntryPoint","urlTemplate":"https:\/\/racerebels.fi\/?s={search_term_string}"},"query-input":"required name=search_term_string"}],"inLanguage":"en-US"},{"@type":"WebPage","@id":"https:\/\/racerebels.fi\/academy\/#webpage","url":"https:\/\/racerebels.fi\/academy\/","name":"ACADEMY | Race Rebels Oy","isPartOf":{"@id":"https:\/\/racerebels.fi\/#website"},"datePublished":"2021-07-01T10:35:50+00:00","dateModified":"2021-12-02T22:26:34+00:00","description":"Rallikoulu vasta-alkajille | Ralliautolla ajoa itse ammattilaisen opastamana ajotekniikoiden saloihin","breadcrumb":{"@id":"https:\/\/racerebels.fi\/academy\/#breadcrumb"},"inLanguage":"en-US","potentialAction":[{"@type":"ReadAction","target":["https:\/\/racerebels.fi\/academy\/"]}]},{"@type":"BreadcrumbList","@id":"https:\/\/racerebels.fi\/academy\/#breadcrumb","itemListElement":[{"@type":"ListItem","position":1,"name":"Home","item":"https:\/\/racerebels.fi\/"},{"@type":"ListItem","position":2,"name":"ACADEMY"}]}]}},"_links":{"self":[{"href":"https:\/\/racerebels.fi\/en\/wp-json\/wp\/v2\/pages\/760"}],"collection":[{"href":"https:\/\/racerebels.fi\/en\/wp-json\/wp\/v2\/pages"}],"about":[{"href":"https:\/\/racerebels.fi\/en\/wp-json\/wp\/v2\/types\/page"}],"author":[{"embeddable":true,"href":"https:\/\/racerebels.fi\/en\/wp-json\/wp\/v2\/users\/1"}],"replies":[{"embeddable":true,"href":"https:\/\/racerebels.fi\/en\/wp-json\/wp\/v2\/comments?post=760"}],"version-history":[{"count":78,"href":"https:\/\/racerebels.fi\/en\/wp-json\/wp\/v2\/pages\/760\/revisions"}],"predecessor-version":[{"id":1061,"href":"https:\/\/racerebels.fi\/en\/wp-json\/wp\/v2\/pages\/760\/revisions\/1061"}],"wp:attachment":[{"href":"https:\/\/racerebels.fi\/en\/wp-json\/wp\/v2\/media?parent=760"}],"curies":[{"name":"wp","href":"https:\/\/api.w.org\/{rel}","templated":true}]}}