{"id":416,"date":"2020-05-06T12:45:54","date_gmt":"2020-05-06T10:45:54","guid":{"rendered":"https:\/\/racerebels.fi\/?page_id=416"},"modified":"2025-01-01T13:16:39","modified_gmt":"2025-01-01T11:16:39","slug":"hinnasto","status":"publish","type":"page","link":"https:\/\/racerebels.fi\/en\/hinnasto\/","title":{"rendered":"PRICING"},"content":{"rendered":"<p>[et_pb_section fb_built=&#8221;1&#8243; disabled_on=&#8221;off|off|off&#8221; admin_label=&#8221;Header Section&#8221; _builder_version=&#8221;4.16&#8243; use_background_color_gradient=&#8221;on&#8221; background_color_gradient_stops=&#8221;rgba(17,114,193,0.29) 0%|rgba(20,61,88,0.75) 100%&#8221; background_color_gradient_start=&#8221;rgba(17,114,193,0.29)&#8221; background_color_gradient_end=&#8221;rgba(20,61,88,0.75)&#8221; background_image=&#8221;https:\/\/racerebels.fi\/wp-content\/uploads\/2020\/02\/WhatsApp-Image-2020-02-28-at-14.05.47-3.jpeg&#8221; parallax=&#8221;on&#8221; parallax_method=&#8221;off&#8221; background_enable_video_mp4=&#8221;off&#8221; min_height=&#8221;895px&#8221; custom_margin=&#8221;|||&#8221; custom_padding=&#8221;10vw|0px|0vw|0px||&#8221; bottom_divider_color=&#8221;rgba(5,41,66,0.3)&#8221; bottom_divider_height=&#8221;11vw&#8221; animation_style=&#8221;slide&#8221; animation_direction=&#8221;top&#8221; animation_duration=&#8221;1500ms&#8221; animation_intensity_slide=&#8221;5%&#8221; animation_starting_opacity=&#8221;100%&#8221; hover_transition_speed_curve=&#8221;ease-in-out&#8221; border_color_all=&#8221;#edf000&#8243; border_width_top=&#8221;2px&#8221; global_colors_info=&#8221;{}&#8221;][et_pb_row disabled_on=&#8221;off|off|off&#8221; module_class=&#8221; et_pb_row_fullwidth&#8221; _builder_version=&#8221;4.16&#8243; width=&#8221;89%&#8221; width_tablet=&#8221;80%&#8221; width_phone=&#8221;&#8221; width_last_edited=&#8221;on|desktop&#8221; max_width=&#8221;89%&#8221; max_width_tablet=&#8221;80%&#8221; max_width_phone=&#8221;&#8221; max_width_last_edited=&#8221;on|desktop&#8221; custom_padding=&#8221;|||&#8221; make_fullwidth=&#8221;on&#8221; global_colors_info=&#8221;{}&#8221;][et_pb_column type=&#8221;4_4&#8243; _builder_version=&#8221;4.16&#8243; custom_padding=&#8221;|||&#8221; global_colors_info=&#8221;{}&#8221; custom_padding__hover=&#8221;|||&#8221;][et_pb_text disabled_on=&#8221;off|off|off&#8221; _builder_version=&#8221;4.4.3&#8243; text_font=&#8221;Montserrat||||||||&#8221; text_font_size=&#8221;22px&#8221; text_line_height=&#8221;1.8em&#8221; header_font=&#8221;Montserrat|600||on|||||&#8221; header_text_align=&#8221;center&#8221; header_font_size=&#8221;8vw&#8221; header_line_height=&#8221;1.5em&#8221; background_image=&#8221;https:\/\/racerebels.fi\/wp-content\/uploads\/2020\/04\/racerebels_white_PNG.png&#8221; background_size=&#8221;contain&#8221; text_orientation=&#8221;center&#8221; background_layout=&#8221;dark&#8221; min_height=&#8221;405px&#8221; custom_margin=&#8221;|||&#8221; animation_style=&#8221;zoom&#8221; animation_duration=&#8221;1500ms&#8221; animation_delay=&#8221;200ms&#8221; header_font_size_tablet=&#8221;50px&#8221; header_font_size_phone=&#8221;&#8221; header_font_size_last_edited=&#8221;on|desktop&#8221; header_line_height_tablet=&#8221;1.1em&#8221; header_line_height_phone=&#8221;1.2em&#8221; header_line_height_last_edited=&#8221;off|desktop&#8221; global_module=&#8221;495&#8243; saved_tabs=&#8221;all&#8221; inline_fonts=&#8221;DM Serif Text&#8221; global_colors_info=&#8221;{}&#8221;]<\/p>\n<h1><\/h1>\n<p>[\/et_pb_text][\/et_pb_column][\/et_pb_row][\/et_pb_section][et_pb_section fb_built=&#8221;1&#8243; admin_label=&#8221;Services Section&#8221; _builder_version=&#8221;4.16&#8243; background_enable_color=&#8221;off&#8221; min_height=&#8221;1068px&#8221; custom_margin=&#8221;-2px|||||&#8221; custom_padding=&#8221;120px|0px|100px|0px||&#8221; global_colors_info=&#8221;{}&#8221;][et_pb_row _builder_version=&#8221;4.16&#8243; custom_padding=&#8221;|||&#8221; global_colors_info=&#8221;{}&#8221;][et_pb_column type=&#8221;4_4&#8243; _builder_version=&#8221;4.16&#8243; custom_padding=&#8221;|||&#8221; global_colors_info=&#8221;{}&#8221; custom_padding__hover=&#8221;|||&#8221;][et_pb_text admin_label=&#8221;Teksti&#8221; _builder_version=&#8221;4.17.1&#8243; text_font=&#8221;Montserrat||||||||&#8221; text_font_size=&#8221;18px&#8221; text_line_height=&#8221;1.8em&#8221; header_font=&#8221;||||||||&#8221; header_2_font=&#8221;Montserrat||||||||&#8221; header_2_text_align=&#8221;center&#8221; header_2_font_size=&#8221;40px&#8221; header_2_line_height=&#8221;1.5em&#8221; text_orientation=&#8221;center&#8221; custom_margin=&#8221;|||&#8221; custom_padding=&#8221;|||&#8221; hover_enabled=&#8221;0&#8243; text_font_size_tablet=&#8221;16px&#8221; text_font_size_phone=&#8221;16px&#8221; text_font_size_last_edited=&#8221;on|desktop&#8221; global_colors_info=&#8221;{}&#8221; sticky_enabled=&#8221;0&#8243;]<\/p>\n<h2>Pricing<\/h2>\n<h4>Alv 14 %<\/h4>\n<h4>\u00a0<\/h4>\n<p>[\/et_pb_text][\/et_pb_column][\/et_pb_row][et_pb_row _builder_version=&#8221;4.16&#8243; global_colors_info=&#8221;{}&#8221;][et_pb_column type=&#8221;4_4&#8243; _builder_version=&#8221;4.16&#8243; global_colors_info=&#8221;{}&#8221;][et_pb_pricing_tables admin_label=&#8221;Hintataulukot&#8221; _builder_version=&#8221;4.17.1&#8243; price_font_size=&#8221;40px&#8221; custom_padding=&#8221;||12px|||&#8221; hover_enabled=&#8221;0&#8243; global_colors_info=&#8221;{}&#8221; sticky_enabled=&#8221;0&#8243;][et_pb_pricing_table featured=&#8221;on&#8221; title=&#8221;Itseajo BMW 325i Xtreme\/BMW Compact kilpa-autolla ( 1 hl\u00f6 )&#8221; subtitle=&#8221;Sis\u00e4lt\u00e4\u00e4 my\u00f6s 1 kierroksen BWM Xtreme kyydiss\u00e4&#8221; sum=&#8221;360\u20ac&#8221; _builder_version=&#8221;4.17.1&#8243; header_level=&#8221;h3&#8243; currency_frequency_font=&#8221;||||||||&#8221; currency_frequency_font_size=&#8221;25px&#8221; hover_enabled=&#8221;0&#8243; global_colors_info=&#8221;{}&#8221; sticky_transition=&#8221;on&#8221; sticky_enabled=&#8221;0&#8243;]<\/p>\n<p>Turvallisuusbriiffaus, pieni l\u00e4pileikkaus lajiin ja \u00a0autojen tekniikkaan.<\/p>\n<p>Itseajo BMW Compact -kilpurilla. 3 kierrosta, aitoa mets\u00e4erikoiskoetta.<\/p>\n<p>Driving is guided by a professional.<\/p>\n<p>Genuine rally driving with a BMW 325i Xtreme race car as a passenger.<\/p>\n<p>Coffee, snacks. Lunch, if you wish, in the cottage at the track pit.<\/p>\n<p>Minimum 4 persons<\/p>\n<p>[\/et_pb_pricing_table][\/et_pb_pricing_tables][\/et_pb_column][\/et_pb_row][et_pb_row _builder_version=&#8221;4.16&#8243; custom_padding=&#8221;0px|||||&#8221; global_colors_info=&#8221;{}&#8221;][et_pb_column type=&#8221;4_4&#8243; _builder_version=&#8221;4.16&#8243; global_colors_info=&#8221;{}&#8221;][et_pb_pricing_tables _builder_version=&#8221;4.17.1&#8243; header_level=&#8221;h3&#8243; price_font_size=&#8221;40px&#8221; min_height=&#8221;356px&#8221; custom_padding=&#8221;||10px|||&#8221; hover_enabled=&#8221;0&#8243; global_colors_info=&#8221;{}&#8221; sticky_enabled=&#8221;0&#8243;][et_pb_pricing_table featured=&#8221;on&#8221; title=&#8221;Itseajo BMW 325i Xtreme\/BMW Compact ( 3 kierrosta )&#8221; sum=&#8221;330\u20ac&#8221; _builder_version=&#8221;4.17.1&#8243; currency_frequency_font=&#8221;||||||||&#8221; currency_frequency_font_size=&#8221;25px&#8221; hover_enabled=&#8221;0&#8243; global_colors_info=&#8221;{}&#8221; sticky_transition=&#8221;on&#8221; sticky_enabled=&#8221;0&#8243;]<\/p>\n<p>1. henkil\u00f6 330\u20ac<br \/>Lis\u00e4henkil\u00f6t 220\u20ac<\/p>\n<p><span style=\"font-size: 14px;\">For those with less driving experience, we recommend the BMW Compact race car for self-driving. \u00a0\u00a0<\/span><\/p>\n<p>Minimum 4 persons<\/p>\n<p>[\/et_pb_pricing_table][\/et_pb_pricing_tables][\/et_pb_column][\/et_pb_row][et_pb_row _builder_version=&#8221;4.16&#8243; custom_margin=&#8221;-26px|auto||auto||&#8221; global_colors_info=&#8221;{}&#8221;][et_pb_column type=&#8221;4_4&#8243; _builder_version=&#8221;4.16&#8243; global_colors_info=&#8221;{}&#8221;][et_pb_pricing_tables _builder_version=&#8221;4.17.1&#8243; header_level=&#8221;h3&#8243; price_font_size=&#8221;40px&#8221; custom_margin=&#8221;-1px|||||&#8221; hover_enabled=&#8221;0&#8243; global_colors_info=&#8221;{}&#8221; sticky_enabled=&#8221;0&#8243;][et_pb_pricing_table featured=&#8221;on&#8221; title=&#8221;Rallikyyditys BMW 325i Xtreme F-Ryhm\u00e4&#8221; sum=&#8221;260\u20ac&#8221; _builder_version=&#8221;4.17.1&#8243; currency_frequency_font=&#8221;||||||||&#8221; currency_frequency_font_size=&#8221;25px&#8221; hover_enabled=&#8221;0&#8243; global_colors_info=&#8221;{}&#8221; sticky_transition=&#8221;on&#8221; sticky_enabled=&#8221;0&#8243;]<\/p>\n<p>1. henkil\u00f6 260\u20ac<br \/>Lis\u00e4henkil\u00f6t 160\u20ac<\/p>\n<p>Minimi 5 hl\u00f6<\/p>\n<p>[\/et_pb_pricing_table][\/et_pb_pricing_tables][et_pb_pricing_tables _builder_version=&#8221;4.17.1&#8243; header_level=&#8221;h3&#8243; price_font_size=&#8221;40px&#8221; custom_padding=&#8221;||11px|||&#8221; hover_enabled=&#8221;0&#8243; global_colors_info=&#8221;{}&#8221; sticky_enabled=&#8221;0&#8243;][et_pb_pricing_table featured=&#8221;on&#8221; title=&#8221;Tilasuuden incar-videointi \/ hl\u00f6&#8221; sum=&#8221;30\u20ac&#8221; _builder_version=&#8221;4.17.1&#8243; currency_frequency_font=&#8221;||||||||&#8221; currency_frequency_font_size=&#8221;25px&#8221; hover_enabled=&#8221;0&#8243; global_colors_info=&#8221;{}&#8221; sticky_transition=&#8221;on&#8221; sticky_enabled=&#8221;0&#8243;]<\/p>\n<p>Sis\u00e4lt\u00e4\u00e4 asiakkaalle oman SD-kortin.<\/p>\n<p>[\/et_pb_pricing_table][\/et_pb_pricing_tables][\/et_pb_column][\/et_pb_row][et_pb_row _builder_version=&#8221;4.16&#8243; custom_padding=&#8221;50px|||||&#8221; global_colors_info=&#8221;{}&#8221;][et_pb_column type=&#8221;4_4&#8243; _builder_version=&#8221;4.16&#8243; global_colors_info=&#8221;{}&#8221;][et_pb_text _builder_version=&#8221;4.17.1&#8243; text_orientation=&#8221;center&#8221; custom_padding=&#8221;||0px|||&#8221; hover_enabled=&#8221;0&#8243; global_colors_info=&#8221;{}&#8221; sticky_enabled=&#8221;0&#8243;]<\/p>\n<h4>The sessions include: coffee\/snacks, driving equipment, driving instruction by a professional, road insurance.<br \/>\u00a0<\/h4>\n<p>&nbsp;<\/p>\n<h4>\u00a0<\/h4>\n<p>[\/et_pb_text][\/et_pb_column][\/et_pb_row][et_pb_row _builder_version=&#8221;4.16&#8243; custom_margin=&#8221;19px|auto|-20px|auto||&#8221; custom_padding=&#8221;|||&#8221; global_colors_info=&#8221;{}&#8221; button_border_radius__hover=&#8221;4px&#8221; button_border_radius__hover_enabled=&#8221;on|desktop&#8221;][et_pb_column type=&#8221;4_4&#8243; _builder_version=&#8221;4.16&#8243; global_colors_info=&#8221;{}&#8221;][et_pb_pricing_tables show_bullet=&#8221;off&#8221; _builder_version=&#8221;4.17.1&#8243; header_level=&#8221;h3&#8243; price_font_size=&#8221;40px&#8221; custom_margin=&#8221;||0px|||&#8221; custom_padding=&#8221;17px|||||&#8221; hover_enabled=&#8221;0&#8243; global_colors_info=&#8221;{}&#8221; sticky_enabled=&#8221;0&#8243;][et_pb_pricing_table featured=&#8221;on&#8221; title=&#8221;Premium-paketti&#8221; subtitle=&#8221;Premium-pakettiimme kuuluu  esim. viikonlopun mittainen ryhm\u00e4matka kaikkine el\u00e4myksineen!  &#8221; sum=&#8221;Kysy tarjous&#8221; _builder_version=&#8221;4.17.1&#8243; price_font_size=&#8221;50px&#8221; currency_frequency_font=&#8221;||||||||&#8221; currency_frequency_font_size=&#8221;25px&#8221; hover_enabled=&#8221;0&#8243; global_colors_info=&#8221;{}&#8221; sticky_transition=&#8221;on&#8221; sticky_enabled=&#8221;0&#8243;]<\/p>\n<h5>For example, we can offer your group:<\/h5>\n<div>\n<h5>\u2022 Noudon 19-paikkasella bussilla<\/h5>\n<h5>- Event day in Joutsa<\/h5>\n<h5>\u2022 Ravintolaillallisen<\/h5>\n<h5>- Villa-accommodation in Himos<\/h5>\n<h5>\u2022 Paluukuljetuksen<\/h5>\n<h5>Ask us more, we will customize a package for you on a case-by-case basis.<\/h5>\n<\/div>\n<p>[\/et_pb_pricing_table][\/et_pb_pricing_tables][et_pb_image src=&#8221;https:\/\/racerebels.fi\/wp-content\/uploads\/2021\/07\/Endered.png&#8221; title_text=&#8221;Endered&#8221; align=&#8221;center&#8221; _builder_version=&#8221;4.16&#8243; _module_preset=&#8221;default&#8221; custom_margin=&#8221;||-3px|||&#8221; global_colors_info=&#8221;{}&#8221;][\/et_pb_image][et_pb_image src=&#8221;https:\/\/racerebels.fi\/wp-content\/uploads\/2021\/12\/Smartum.jpg&#8221; title_text=&#8221;Smartum&#8221; align=&#8221;center&#8221; _builder_version=&#8221;4.16&#8243; min_height=&#8221;111px&#8221; custom_margin=&#8221;1px||12px|||&#8221; custom_padding=&#8221;0px||0px|||&#8221; global_colors_info=&#8221;{}&#8221;][\/et_pb_image][et_pb_social_media_follow _builder_version=&#8221;4.14.2&#8243; text_orientation=&#8221;center&#8221; custom_margin=&#8221;||11px|||&#8221; global_module=&#8221;321&#8243; global_colors_info=&#8221;{}&#8221;][et_pb_social_media_follow_network social_network=&#8221;facebook&#8221; url=&#8221;https:\/\/www.facebook.com\/racerebels\/&#8221; _builder_version=&#8221;4.16&#8243; background_color=&#8221;#3b5998&#8243; global_colors_info=&#8221;{}&#8221; follow_button=&#8221;off&#8221; url_new_window=&#8221;on&#8221;]facebook[\/et_pb_social_media_follow_network][et_pb_social_media_follow_network social_network=&#8221;instagram&#8221; url=&#8221;https:\/\/www.instagram.com\/racerebelsoy\/?hl=fi&#8221; _builder_version=&#8221;4.16&#8243; background_color=&#8221;#ea2c59&#8243; global_colors_info=&#8221;{}&#8221; follow_button=&#8221;off&#8221; url_new_window=&#8221;on&#8221;]instagram[\/et_pb_social_media_follow_network][\/et_pb_social_media_follow][\/et_pb_column][\/et_pb_row][et_pb_row _builder_version=&#8221;4.16&#8243; custom_padding=&#8221;0px|||||&#8221; global_colors_info=&#8221;{}&#8221;][et_pb_column type=&#8221;4_4&#8243; _builder_version=&#8221;4.16&#8243; global_colors_info=&#8221;{}&#8221;][et_pb_button button_url=&#8221;\/yhteystiedot&#8221; button_text=&#8221;Ota Yhteytt\u00e4&#8221; button_alignment=&#8221;center&#8221; _builder_version=&#8221;4.16&#8243; custom_button=&#8221;on&#8221; button_text_size=&#8221;14px&#8221; button_text_color=&#8221;#000000&#8243; button_bg_color=&#8221;#edf000&#8243; button_border_width=&#8221;11px&#8221; button_border_color=&#8221;#edf000&#8243; button_border_radius=&#8221;2px&#8221; button_letter_spacing=&#8221;0px&#8221; button_font=&#8221;Montserrat|700||on|||||&#8221; custom_margin=&#8221;19px|||||&#8221; custom_padding=&#8221;|||&#8221; button_border_radius_hover=&#8221;4px&#8221; locked=&#8221;off&#8221; global_colors_info=&#8221;{}&#8221; button_text_size__hover_enabled=&#8221;off&#8221; button_one_text_size__hover_enabled=&#8221;off&#8221; button_two_text_size__hover_enabled=&#8221;off&#8221; button_text_color__hover_enabled=&#8221;off&#8221; button_one_text_color__hover_enabled=&#8221;off&#8221; button_two_text_color__hover_enabled=&#8221;off&#8221; button_border_width__hover_enabled=&#8221;off&#8221; button_one_border_width__hover_enabled=&#8221;off&#8221; button_two_border_width__hover_enabled=&#8221;off&#8221; button_border_color__hover_enabled=&#8221;off&#8221; button_one_border_color__hover_enabled=&#8221;off&#8221; button_two_border_color__hover_enabled=&#8221;off&#8221; button_border_radius__hover_enabled=&#8221;on|desktop&#8221; button_border_radius__hover=&#8221;4px&#8221; button_one_border_radius__hover_enabled=&#8221;off&#8221; button_two_border_radius__hover_enabled=&#8221;off&#8221; button_letter_spacing__hover_enabled=&#8221;off&#8221; button_one_letter_spacing__hover_enabled=&#8221;off&#8221; button_two_letter_spacing__hover_enabled=&#8221;off&#8221; button_bg_color__hover_enabled=&#8221;off&#8221; button_one_bg_color__hover_enabled=&#8221;off&#8221; button_two_bg_color__hover_enabled=&#8221;off&#8221;][\/et_pb_button][\/et_pb_column][\/et_pb_row][\/et_pb_section]<\/p>","protected":false},"excerpt":{"rendered":"<p>Hinnasto Alv 14 % \u00a0Turvallisuusbriiffaus, pieni l\u00e4pileikkaus lajiin ja \u00a0autojen tekniikkaan. Itseajo BMW Compact -kilpurilla. 3 kierrosta, aitoa mets\u00e4erikoiskoetta. Ajo tapahtuu ammattilaisen opastamana. Aito rallikyyditys BMW 325i Xtreme kilpa-autolla. Kahvittelu, pient\u00e4 sy\u00f6t\u00e4v\u00e4\u00e4. Halutessa lounas, radan varikolla olevassa m\u00f6kiss\u00e4. Minimi 4 hl\u00f61. henkil\u00f6 330\u20acLis\u00e4henkil\u00f6t 220\u20ac V\u00e4h\u00e4isemm\u00e4n ajokokemuksen omaaville suosittelemme BMW Compact kilpa-autoa itseajoon. \u00a0\u00a0 Minimi 4 [&hellip;]<\/p>","protected":false},"author":1,"featured_media":0,"parent":0,"menu_order":0,"comment_status":"closed","ping_status":"closed","template":"","meta":{"_et_pb_use_builder":"on","_et_pb_old_content":"","_et_gb_content_width":""},"yoast_head":"<!-- This site is optimized with the Yoast SEO plugin v18.6 - https:\/\/yoast.com\/wordpress\/plugins\/seo\/ -->\n<title>HINNASTO | Race Rebels Oy<\/title>\n<meta name=\"description\" content=\"Unohtumatonta Rallikyydityst\u00e4 | Ralliautolla ajoa itse ammattilaisen opastamana.\" \/>\n<meta name=\"robots\" content=\"index, follow, max-snippet:-1, max-image-preview:large, max-video-preview:-1\" \/>\n<link rel=\"canonical\" href=\"https:\/\/racerebels.fi\/en\/hinnasto\/\" \/>\n<meta property=\"og:locale\" content=\"en_US\" \/>\n<meta property=\"og:type\" content=\"article\" \/>\n<meta property=\"og:title\" content=\"HINNASTO | Race Rebels Oy\" \/>\n<meta property=\"og:description\" content=\"Unohtumatonta Rallikyydityst\u00e4 | Ralliautolla ajoa itse ammattilaisen opastamana.\" \/>\n<meta property=\"og:url\" content=\"https:\/\/racerebels.fi\/en\/hinnasto\/\" \/>\n<meta property=\"og:site_name\" content=\"Race Rebels Oy\" \/>\n<meta property=\"article:publisher\" content=\"https:\/\/www.facebook.com\/racerebels\/\" \/>\n<meta property=\"article:modified_time\" content=\"2025-01-01T11:16:39+00:00\" \/>\n<meta name=\"twitter:card\" content=\"summary_large_image\" \/>\n<meta name=\"twitter:label1\" content=\"Est. reading time\" \/>\n\t<meta name=\"twitter:data1\" content=\"7 minutes\" \/>\n<script type=\"application\/ld+json\" class=\"yoast-schema-graph\">{\"@context\":\"https:\/\/schema.org\",\"@graph\":[{\"@type\":\"Organization\",\"@id\":\"https:\/\/racerebels.fi\/#organization\",\"name\":\"Race Rebels Oy\",\"url\":\"https:\/\/racerebels.fi\/\",\"sameAs\":[\"https:\/\/www.facebook.com\/racerebels\/\",\"https:\/\/www.instagram.com\/racerebelsoy\/?hl=fi\"],\"logo\":{\"@type\":\"ImageObject\",\"@id\":\"https:\/\/racerebels.fi\/#logo\",\"inLanguage\":\"en-US\",\"url\":\"https:\/\/racerebels.fi\/wp-content\/uploads\/2021\/11\/racerebels_black_PNG.png\",\"contentUrl\":\"https:\/\/racerebels.fi\/wp-content\/uploads\/2021\/11\/racerebels_black_PNG.png\",\"width\":751,\"height\":838,\"caption\":\"Race Rebels Oy\"},\"image\":{\"@id\":\"https:\/\/racerebels.fi\/#logo\"}},{\"@type\":\"WebSite\",\"@id\":\"https:\/\/racerebels.fi\/#website\",\"url\":\"https:\/\/racerebels.fi\/\",\"name\":\"Race Rebels Oy\",\"description\":\"Unohtumatonta rallikyydityst&auml; ja itse-ajoa\",\"publisher\":{\"@id\":\"https:\/\/racerebels.fi\/#organization\"},\"potentialAction\":[{\"@type\":\"SearchAction\",\"target\":{\"@type\":\"EntryPoint\",\"urlTemplate\":\"https:\/\/racerebels.fi\/?s={search_term_string}\"},\"query-input\":\"required name=search_term_string\"}],\"inLanguage\":\"en-US\"},{\"@type\":\"WebPage\",\"@id\":\"https:\/\/racerebels.fi\/hinnasto\/#webpage\",\"url\":\"https:\/\/racerebels.fi\/hinnasto\/\",\"name\":\"HINNASTO | Race Rebels Oy\",\"isPartOf\":{\"@id\":\"https:\/\/racerebels.fi\/#website\"},\"datePublished\":\"2020-05-06T10:45:54+00:00\",\"dateModified\":\"2025-01-01T11:16:39+00:00\",\"description\":\"Unohtumatonta Rallikyydityst\u00e4 | Ralliautolla ajoa itse ammattilaisen opastamana.\",\"breadcrumb\":{\"@id\":\"https:\/\/racerebels.fi\/hinnasto\/#breadcrumb\"},\"inLanguage\":\"en-US\",\"potentialAction\":[{\"@type\":\"ReadAction\",\"target\":[\"https:\/\/racerebels.fi\/hinnasto\/\"]}]},{\"@type\":\"BreadcrumbList\",\"@id\":\"https:\/\/racerebels.fi\/hinnasto\/#breadcrumb\",\"itemListElement\":[{\"@type\":\"ListItem\",\"position\":1,\"name\":\"Home\",\"item\":\"https:\/\/racerebels.fi\/\"},{\"@type\":\"ListItem\",\"position\":2,\"name\":\"HINNASTO\"}]}]}<\/script>\n<!-- \/ Yoast SEO plugin. -->","yoast_head_json":{"title":"HINNASTO | Race Rebels Oy","description":"Unohtumatonta Rallikyydityst\u00e4 | Ralliautolla ajoa itse ammattilaisen opastamana.","robots":{"index":"index","follow":"follow","max-snippet":"max-snippet:-1","max-image-preview":"max-image-preview:large","max-video-preview":"max-video-preview:-1"},"canonical":"https:\/\/racerebels.fi\/en\/hinnasto\/","og_locale":"en_US","og_type":"article","og_title":"HINNASTO | Race Rebels Oy","og_description":"Unohtumatonta Rallikyydityst\u00e4 | Ralliautolla ajoa itse ammattilaisen opastamana.","og_url":"https:\/\/racerebels.fi\/en\/hinnasto\/","og_site_name":"Race Rebels Oy","article_publisher":"https:\/\/www.facebook.com\/racerebels\/","article_modified_time":"2025-01-01T11:16:39+00:00","twitter_card":"summary_large_image","twitter_misc":{"Est. reading time":"7 minutes"},"schema":{"@context":"https:\/\/schema.org","@graph":[{"@type":"Organization","@id":"https:\/\/racerebels.fi\/#organization","name":"Race Rebels Oy","url":"https:\/\/racerebels.fi\/","sameAs":["https:\/\/www.facebook.com\/racerebels\/","https:\/\/www.instagram.com\/racerebelsoy\/?hl=fi"],"logo":{"@type":"ImageObject","@id":"https:\/\/racerebels.fi\/#logo","inLanguage":"en-US","url":"https:\/\/racerebels.fi\/wp-content\/uploads\/2021\/11\/racerebels_black_PNG.png","contentUrl":"https:\/\/racerebels.fi\/wp-content\/uploads\/2021\/11\/racerebels_black_PNG.png","width":751,"height":838,"caption":"Race Rebels Oy"},"image":{"@id":"https:\/\/racerebels.fi\/#logo"}},{"@type":"WebSite","@id":"https:\/\/racerebels.fi\/#website","url":"https:\/\/racerebels.fi\/","name":"Race Rebels Oy","description":"Unohtumatonta rallikyydityst&auml; ja itse-ajoa","publisher":{"@id":"https:\/\/racerebels.fi\/#organization"},"potentialAction":[{"@type":"SearchAction","target":{"@type":"EntryPoint","urlTemplate":"https:\/\/racerebels.fi\/?s={search_term_string}"},"query-input":"required name=search_term_string"}],"inLanguage":"en-US"},{"@type":"WebPage","@id":"https:\/\/racerebels.fi\/hinnasto\/#webpage","url":"https:\/\/racerebels.fi\/hinnasto\/","name":"HINNASTO | Race Rebels Oy","isPartOf":{"@id":"https:\/\/racerebels.fi\/#website"},"datePublished":"2020-05-06T10:45:54+00:00","dateModified":"2025-01-01T11:16:39+00:00","description":"Unohtumatonta Rallikyydityst\u00e4 | Ralliautolla ajoa itse ammattilaisen opastamana.","breadcrumb":{"@id":"https:\/\/racerebels.fi\/hinnasto\/#breadcrumb"},"inLanguage":"en-US","potentialAction":[{"@type":"ReadAction","target":["https:\/\/racerebels.fi\/hinnasto\/"]}]},{"@type":"BreadcrumbList","@id":"https:\/\/racerebels.fi\/hinnasto\/#breadcrumb","itemListElement":[{"@type":"ListItem","position":1,"name":"Home","item":"https:\/\/racerebels.fi\/"},{"@type":"ListItem","position":2,"name":"HINNASTO"}]}]}},"_links":{"self":[{"href":"https:\/\/racerebels.fi\/en\/wp-json\/wp\/v2\/pages\/416"}],"collection":[{"href":"https:\/\/racerebels.fi\/en\/wp-json\/wp\/v2\/pages"}],"about":[{"href":"https:\/\/racerebels.fi\/en\/wp-json\/wp\/v2\/types\/page"}],"author":[{"embeddable":true,"href":"https:\/\/racerebels.fi\/en\/wp-json\/wp\/v2\/users\/1"}],"replies":[{"embeddable":true,"href":"https:\/\/racerebels.fi\/en\/wp-json\/wp\/v2\/comments?post=416"}],"version-history":[{"count":57,"href":"https:\/\/racerebels.fi\/en\/wp-json\/wp\/v2\/pages\/416\/revisions"}],"predecessor-version":[{"id":1076,"href":"https:\/\/racerebels.fi\/en\/wp-json\/wp\/v2\/pages\/416\/revisions\/1076"}],"wp:attachment":[{"href":"https:\/\/racerebels.fi\/en\/wp-json\/wp\/v2\/media?parent=416"}],"curies":[{"name":"wp","href":"https:\/\/api.w.org\/{rel}","templated":true}]}}